{"id":1000,"date":"2023-01-12T10:15:24","date_gmt":"2023-01-12T10:15:24","guid":{"rendered":"https:\/\/february.s2.whc.webmarketersdev.ca\/votre-impact\/"},"modified":"2026-01-08T17:16:07","modified_gmt":"2026-01-08T17:16:07","slug":"votre-impact","status":"publish","type":"page","link":"https:\/\/februaryisheartmonth.ca\/fr\/votre-impact\/","title":{"rendered":"Votre Impact"},"content":{"rendered":"\t\t<div data-elementor-type=\"wp-page\" data-elementor-id=\"1000\" class=\"elementor elementor-1000 elementor-77\" data-elementor-post-type=\"page\">\n\t\t\t\t\t\t<section class=\"elementor-section elementor-top-section elementor-element elementor-element-46fb33b elementor-section-full_width p-lr  pt-120 pb-50 ambassador-wrap impact-banner elementor-section-height-default elementor-section-height-default\" data-id=\"46fb33b\" data-element_type=\"section\" data-e-type=\"section\" data-settings=\"{&quot;background_background&quot;:&quot;classic&quot;}\">\n\t\t\t\t\t\t\t<div class=\"elementor-background-overlay\"><\/div>\n\t\t\t\t\t\t\t<div class=\"elementor-container elementor-column-gap-default\">\n\t\t\t\t\t<div class=\"elementor-column elementor-col-100 elementor-top-column elementor-element elementor-element-53a1eb8\" data-id=\"53a1eb8\" data-element_type=\"column\" data-e-type=\"column\">\n\t\t\t<div class=\"elementor-widget-wrap elementor-element-populated\">\n\t\t\t\t\t\t<section class=\"elementor-section elementor-inner-section elementor-element elementor-element-654ca75 elementor-section-boxed elementor-section-height-default elementor-section-height-default\" data-id=\"654ca75\" data-element_type=\"section\" data-e-type=\"section\">\n\t\t\t\t\t\t<div class=\"elementor-container elementor-column-gap-default\">\n\t\t\t\t\t<div class=\"elementor-column elementor-col-50 elementor-inner-column elementor-element elementor-element-593f35e pr-30\" data-id=\"593f35e\" data-element_type=\"column\" data-e-type=\"column\">\n\t\t\t<div class=\"elementor-widget-wrap elementor-element-populated\">\n\t\t\t\t\t\t<div class=\"elementor-element elementor-element-7ca5823 elementor-widget elementor-widget-heading\" data-id=\"7ca5823\" data-element_type=\"widget\" data-e-type=\"widget\" data-widget_type=\"heading.default\">\n\t\t\t\t\t<h1 class=\"elementor-heading-title elementor-size-default\">VOTRE IMPACT<\/h1>\t\t\t\t<\/div>\n\t\t\t\t<div class=\"elementor-element elementor-element-2ea45bd elementor-widget elementor-widget-heading\" data-id=\"2ea45bd\" data-element_type=\"widget\" data-e-type=\"widget\" data-widget_type=\"heading.default\">\n\t\t\t\t\t<h4 class=\"elementor-heading-title elementor-size-default\">LA SANT\u00c9 CARDIAQUE POUR TOUS<\/h4>\t\t\t\t<\/div>\n\t\t\t\t<div class=\"elementor-element elementor-element-1193d49 elementor-widget elementor-widget-text-editor\" data-id=\"1193d49\" data-element_type=\"widget\" data-e-type=\"widget\" data-widget_type=\"text-editor.default\">\n\t\t\t\t\t\t\t\t\t<p>Gr\u00e2ce aux \u00e9v\u00e9nements communautaires et \u00e0 la g\u00e9n\u00e9rosit\u00e9 de particuliers et d\u2019entreprises, la Fondation recueille des fonds pour financer des soins innovants, des recherches novatrices, des \u00e9quipements de pointe, des programmes de pr\u00e9vention et de r\u00e9adaptation cardiovasculaire, ainsi que des programmes \u00e9ducatifs.<\/p><p>Appuyer notre institut de cardiologie renomm\u00e9 partout dans le monde, c\u2019est investir dans des recherches novatrices, la formation et des soins innovants pour les patients. Vos contributions nous fournissent les outils et les connaissances n\u00e9cessaires pour traiter et, un jour, \u00e9liminer les maladies cardiovasculaires.<\/p><p><strong>L\u2019ICUO est l\u2019un des plus importants instituts de cardiologie au pays et un chef de file mondial en recherches de pointe.<\/strong><\/p>\t\t\t\t\t\t\t\t<\/div>\n\t\t\t\t\t<\/div>\n\t\t<\/div>\n\t\t\t\t<div class=\"elementor-column elementor-col-50 elementor-inner-column elementor-element elementor-element-4a6bc77\" data-id=\"4a6bc77\" data-element_type=\"column\" data-e-type=\"column\">\n\t\t\t<div class=\"elementor-widget-wrap elementor-element-populated\">\n\t\t\t\t\t\t<div class=\"elementor-element elementor-element-bcecd45 elementor-widget elementor-widget-image\" data-id=\"bcecd45\" data-element_type=\"widget\" data-e-type=\"widget\" data-widget_type=\"image.default\">\n\t\t\t\t\t\t\t\t\t\t\t\t\t\t\t<img fetchpriority=\"high\" decoding=\"async\" width=\"800\" height=\"800\" src=\"https:\/\/februaryisheartmonth.ca\/wp-content\/uploads\/2025\/12\/Untitled-design-41-1024x1024.png\" class=\"attachment-large size-large wp-image-4271\" alt=\"\" srcset=\"https:\/\/februaryisheartmonth.ca\/wp-content\/uploads\/2025\/12\/Untitled-design-41-1024x1024.png 1024w, https:\/\/februaryisheartmonth.ca\/wp-content\/uploads\/2025\/12\/Untitled-design-41-300x300.png 300w, https:\/\/februaryisheartmonth.ca\/wp-content\/uploads\/2025\/12\/Untitled-design-41-150x150.png 150w, https:\/\/februaryisheartmonth.ca\/wp-content\/uploads\/2025\/12\/Untitled-design-41-768x768.png 768w, https:\/\/februaryisheartmonth.ca\/wp-content\/uploads\/2025\/12\/Untitled-design-41.png 1500w\" sizes=\"(max-width: 800px) 100vw, 800px\" \/>\t\t\t\t\t\t\t\t\t\t\t\t\t\t\t<\/div>\n\t\t\t\t\t<\/div>\n\t\t<\/div>\n\t\t\t\t\t<\/div>\n\t\t<\/section>\n\t\t\t\t\t<\/div>\n\t\t<\/div>\n\t\t\t\t\t<\/div>\n\t\t<\/section>\n\t\t\t\t<section class=\"elementor-section elementor-top-section elementor-element elementor-element-46d24e6 pb-80 pt-80 show-support p-lr cus-container elementor-section-full_width elementor-section-height-default elementor-section-height-default\" data-id=\"46d24e6\" data-element_type=\"section\" data-e-type=\"section\" data-settings=\"{&quot;background_background&quot;:&quot;classic&quot;}\">\n\t\t\t\t\t\t<div class=\"elementor-container elementor-column-gap-default\">\n\t\t\t\t\t<div class=\"elementor-column elementor-col-100 elementor-top-column elementor-element elementor-element-5ff801b\" data-id=\"5ff801b\" data-element_type=\"column\" data-e-type=\"column\">\n\t\t\t<div class=\"elementor-widget-wrap elementor-element-populated\">\n\t\t\t\t\t\t<section class=\"elementor-section elementor-inner-section elementor-element elementor-element-a0e9838 elementor-section-boxed elementor-section-height-default elementor-section-height-default\" data-id=\"a0e9838\" data-element_type=\"section\" data-e-type=\"section\">\n\t\t\t\t\t\t<div class=\"elementor-container elementor-column-gap-default\">\n\t\t\t\t\t<div class=\"elementor-column elementor-col-100 elementor-inner-column elementor-element elementor-element-1fafda6 pr-30\" data-id=\"1fafda6\" data-element_type=\"column\" data-e-type=\"column\">\n\t\t\t<div class=\"elementor-widget-wrap elementor-element-populated\">\n\t\t\t\t\t\t<div class=\"elementor-element elementor-element-3c51291 elementor-widget elementor-widget-heading\" data-id=\"3c51291\" data-element_type=\"widget\" data-e-type=\"widget\" data-widget_type=\"heading.default\">\n\t\t\t\t\t<h3 class=\"elementor-heading-title elementor-size-default\">COMMENT NOUS AIDER<\/h3>\t\t\t\t<\/div>\n\t\t\t\t<div class=\"elementor-element elementor-element-f28d662 elementor-widget elementor-widget-text-editor\" data-id=\"f28d662\" data-element_type=\"widget\" data-e-type=\"widget\" data-widget_type=\"text-editor.default\">\n\t\t\t\t\t\t\t\t\t<ul><li>Faites un don, quel qu\u2019en soit le montant.<\/li><li>Assistez \u00e0 un \u00e9v\u00e9nement de la Fondation.<\/li><li>Illuminez la ville de rouge.<\/li><li>Participez \u00e0 un \u00e9v\u00e9nement communautaire ou organisez le v\u00f4tre.<\/li><li>Recueillez des fonds avec c\u0153ur.<\/li><\/ul>\t\t\t\t\t\t\t\t<\/div>\n\t\t\t\t<div class=\"elementor-element elementor-element-4a42632 elementor-widget elementor-widget-text-editor\" data-id=\"4a42632\" data-element_type=\"widget\" data-e-type=\"widget\" data-widget_type=\"text-editor.default\">\n\t\t\t\t\t\t\t\t\t<p>Il y a de tant de fa\u00e7ons d\u2019appuyer le travail de l\u2019Institut de cardiologie! Votre g\u00e9n\u00e9rosit\u00e9 sauve des vies! Les dons fournissent les fonds de d\u00e9marrage indispensables \u00e0 la recherche et aux perc\u00e9es futures.<\/p>\t\t\t\t\t\t\t\t<\/div>\n\t\t\t\t<div class=\"elementor-element elementor-element-87bf5af elementor-widget elementor-widget-heading\" data-id=\"87bf5af\" data-element_type=\"widget\" data-e-type=\"widget\" data-widget_type=\"heading.default\">\n\t\t\t\t\t<h3 class=\"elementor-heading-title elementor-size-default\">\u00c0 quoi servent les dons?<\/h3>\t\t\t\t<\/div>\n\t\t\t\t<div class=\"elementor-element elementor-element-4730f78 elementor-widget elementor-widget-text-editor\" data-id=\"4730f78\" data-element_type=\"widget\" data-e-type=\"widget\" data-widget_type=\"text-editor.default\">\n\t\t\t\t\t\t\t\t\t<ul><li>Recherches novatrices<\/li><li>Programmes innovants pour les patients<\/li><li>Mise \u00e0 niveau d\u2019\u00e9quipements et technologies de pointe<\/li><li>Infrastructures n\u00e9cessaires pour s\u2019occuper d\u2019une population croissante aux besoins complexes<\/li><li>Formation du personnel<\/li><li>Activit\u00e9s de pr\u00e9vention et d\u2019enseignement qui sauvent des vies \u00e0 l\u2019Institut et dans la communaut\u00e9<\/li><\/ul><p><strong><br \/>Faits et chiffres 2024-2025 : Institut de cardiologie de l\u2019Universit\u00e9 d\u2019Ottawa<\/strong><\/p><p>Soins cardiaques sp\u00e9cialis\u00e9s pour pr\u00e8s de 2 millions de personnes<\/p><ul><li>248 882 visites de patients<\/li><li>82+ % pourcentage de patients satisfaits<\/li><li>69 749 \u00e9preuves diagnostiques<\/li><li>12\u00a0619 interventions non chirurgicales<\/li><li>2116 interventions \u00e0 c\u0153ur ouvert et par cath\u00e9ter<\/li><li>1\u00a0637\u00a0dispositifs cardiaques implant\u00e9s<\/li><\/ul>\t\t\t\t\t\t\t\t<\/div>\n\t\t\t\t<div class=\"elementor-element elementor-element-4a39407 elementor-widget elementor-widget-text-editor\" data-id=\"4a39407\" data-element_type=\"widget\" data-e-type=\"widget\" data-widget_type=\"text-editor.default\">\n\t\t\t\t\t\t\t\t\t<p><strong>Vos dons auront un impact durable en aidant \u00e0 changer et \u00e0 sauver des vies dans notre r\u00e9gion.<\/strong><\/p>\t\t\t\t\t\t\t\t<\/div>\n\t\t\t\t\t<\/div>\n\t\t<\/div>\n\t\t\t\t\t<\/div>\n\t\t<\/section>\n\t\t\t\t\t<\/div>\n\t\t<\/div>\n\t\t\t\t\t<\/div>\n\t\t<\/section>\n\t\t\t\t<section class=\"elementor-section elementor-top-section elementor-element elementor-element-4b1a216 elementor-section-full_width p-lr didYou-Know pt-100 elementor-section-height-default elementor-section-height-default\" data-id=\"4b1a216\" data-element_type=\"section\" data-e-type=\"section\">\n\t\t\t\t\t\t<div class=\"elementor-container elementor-column-gap-default\">\n\t\t\t\t\t<div class=\"elementor-column elementor-col-100 elementor-top-column elementor-element elementor-element-171b1fd\" data-id=\"171b1fd\" data-element_type=\"column\" data-e-type=\"column\">\n\t\t\t<div class=\"elementor-widget-wrap elementor-element-populated\">\n\t\t\t\t\t\t<section class=\"elementor-section elementor-inner-section elementor-element elementor-element-0537343 elementor-section-boxed elementor-section-height-default elementor-section-height-default\" data-id=\"0537343\" data-element_type=\"section\" data-e-type=\"section\">\n\t\t\t\t\t\t<div class=\"elementor-container elementor-column-gap-default\">\n\t\t\t\t\t<div class=\"elementor-column elementor-col-100 elementor-inner-column elementor-element elementor-element-fc901ac\" data-id=\"fc901ac\" data-element_type=\"column\" data-e-type=\"column\">\n\t\t\t<div class=\"elementor-widget-wrap elementor-element-populated\">\n\t\t\t\t\t\t<div class=\"elementor-element elementor-element-d83d5bd elementor-widget elementor-widget-heading\" data-id=\"d83d5bd\" data-element_type=\"widget\" data-e-type=\"widget\" data-widget_type=\"heading.default\">\n\t\t\t\t\t<h4 class=\"elementor-heading-title elementor-size-default\">Constatez votre impact<\/h4>\t\t\t\t<\/div>\n\t\t\t\t<div class=\"elementor-element elementor-element-bcef79f mb-0 pb-50 elementor-widget elementor-widget-text-editor\" data-id=\"bcef79f\" data-element_type=\"widget\" data-e-type=\"widget\" data-widget_type=\"text-editor.default\">\n\t\t\t\t\t\t\t\t\t<p>Le soutien de donatrices et donateurs comme vous est indispensable et a chang\u00e9 la vie de nombreuses personnes au fil des ans.<\/p>\t\t\t\t\t\t\t\t<\/div>\n\t\t\t\t<div class=\"elementor-element elementor-element-f235eb9 elementor-widget elementor-widget-heading\" data-id=\"f235eb9\" data-element_type=\"widget\" data-e-type=\"widget\" data-widget_type=\"heading.default\">\n\t\t\t\t\t<h3 class=\"elementor-heading-title elementor-size-default\">Cliquez sur les liens ci-dessous pour faire connaissance avec certaines de ces personnes et \u00e9couter leurs t\u00e9moignages inspirants. <\/h3>\t\t\t\t<\/div>\n\t\t\t\t\t<\/div>\n\t\t<\/div>\n\t\t\t\t\t<\/div>\n\t\t<\/section>\n\t\t\t\t<section class=\"elementor-section elementor-inner-section elementor-element elementor-element-0797aba pt-80 img-boxes pb-150 discover-boxes elementor-section-boxed elementor-section-height-default elementor-section-height-default\" data-id=\"0797aba\" data-element_type=\"section\" data-e-type=\"section\">\n\t\t\t\t\t\t<div class=\"elementor-container elementor-column-gap-default\">\n\t\t\t\t\t<div class=\"elementor-column elementor-col-33 elementor-inner-column elementor-element elementor-element-a3e919a\" data-id=\"a3e919a\" data-element_type=\"column\" data-e-type=\"column\">\n\t\t\t<div class=\"elementor-widget-wrap elementor-element-populated\">\n\t\t\t\t\t\t<div class=\"elementor-element elementor-element-40ce79c elementor-widget__width-initial elementor-position-top elementor-widget elementor-widget-image-box\" data-id=\"40ce79c\" data-element_type=\"widget\" data-e-type=\"widget\" data-widget_type=\"image-box.default\">\n\t\t\t\t\t<div class=\"elementor-image-box-wrapper\"><figure class=\"elementor-image-box-img\"><a href=\"https:\/\/februaryisheartmonth.ca\/viaufamily\/\" tabindex=\"-1\"><img decoding=\"async\" width=\"215\" height=\"215\" src=\"https:\/\/februaryisheartmonth.ca\/wp-content\/uploads\/2025\/01\/Untitled-design-2024-02-12T014008.576.png\" class=\"attachment-full size-full wp-image-3455\" alt=\"\" srcset=\"https:\/\/februaryisheartmonth.ca\/wp-content\/uploads\/2025\/01\/Untitled-design-2024-02-12T014008.576.png 215w, https:\/\/februaryisheartmonth.ca\/wp-content\/uploads\/2025\/01\/Untitled-design-2024-02-12T014008.576-150x150.png 150w\" sizes=\"(max-width: 215px) 100vw, 215px\" \/><\/a><\/figure><div class=\"elementor-image-box-content\"><p class=\"elementor-image-box-description\">The Viau Family<\/p><\/div><\/div>\t\t\t\t<\/div>\n\t\t\t\t\t<\/div>\n\t\t<\/div>\n\t\t\t\t<div class=\"elementor-column elementor-col-33 elementor-inner-column elementor-element elementor-element-8e6940d\" data-id=\"8e6940d\" data-element_type=\"column\" data-e-type=\"column\">\n\t\t\t<div class=\"elementor-widget-wrap elementor-element-populated\">\n\t\t\t\t\t\t<div class=\"elementor-element elementor-element-fbd2266 elementor-widget__width-initial elementor-position-top elementor-widget elementor-widget-image-box\" data-id=\"fbd2266\" data-element_type=\"widget\" data-e-type=\"widget\" data-widget_type=\"image-box.default\">\n\t\t\t\t\t<div class=\"elementor-image-box-wrapper\"><figure class=\"elementor-image-box-img\"><a href=\"https:\/\/februaryisheartmonth.ca\/cheryl-burford\/\" tabindex=\"-1\"><img decoding=\"async\" width=\"215\" height=\"215\" src=\"https:\/\/februaryisheartmonth.ca\/wp-content\/uploads\/2025\/01\/3.png\" class=\"attachment-full size-full wp-image-3457\" alt=\"\" srcset=\"https:\/\/februaryisheartmonth.ca\/wp-content\/uploads\/2025\/01\/3.png 215w, https:\/\/februaryisheartmonth.ca\/wp-content\/uploads\/2025\/01\/3-150x150.png 150w\" sizes=\"(max-width: 215px) 100vw, 215px\" \/><\/a><\/figure><div class=\"elementor-image-box-content\"><p class=\"elementor-image-box-description\">Cheryl Burford<\/p><\/div><\/div>\t\t\t\t<\/div>\n\t\t\t\t\t<\/div>\n\t\t<\/div>\n\t\t\t\t<div class=\"elementor-column elementor-col-33 elementor-inner-column elementor-element elementor-element-c3eda56\" data-id=\"c3eda56\" data-element_type=\"column\" data-e-type=\"column\">\n\t\t\t<div class=\"elementor-widget-wrap elementor-element-populated\">\n\t\t\t\t\t\t<div class=\"elementor-element elementor-element-4f62e0e elementor-widget__width-initial elementor-position-top elementor-widget elementor-widget-image-box\" data-id=\"4f62e0e\" data-element_type=\"widget\" data-e-type=\"widget\" data-widget_type=\"image-box.default\">\n\t\t\t\t\t<div class=\"elementor-image-box-wrapper\"><figure class=\"elementor-image-box-img\"><a href=\"https:\/\/februaryisheartmonth.ca\/cody-mckay\/\" tabindex=\"-1\"><img loading=\"lazy\" decoding=\"async\" width=\"215\" height=\"215\" src=\"https:\/\/februaryisheartmonth.ca\/wp-content\/uploads\/2025\/01\/1.png\" class=\"attachment-full size-full wp-image-3459\" alt=\"\" srcset=\"https:\/\/februaryisheartmonth.ca\/wp-content\/uploads\/2025\/01\/1.png 215w, https:\/\/februaryisheartmonth.ca\/wp-content\/uploads\/2025\/01\/1-150x150.png 150w\" sizes=\"(max-width: 215px) 100vw, 215px\" \/><\/a><\/figure><div class=\"elementor-image-box-content\"><p class=\"elementor-image-box-description\">Cody McKay<\/p><\/div><\/div>\t\t\t\t<\/div>\n\t\t\t\t\t<\/div>\n\t\t<\/div>\n\t\t\t\t\t<\/div>\n\t\t<\/section>\n\t\t\t\t\t<\/div>\n\t\t<\/div>\n\t\t\t\t\t<\/div>\n\t\t<\/section>\n\t\t\t\t<\/div>\n\t\t","protected":false},"excerpt":{"rendered":"<p>VOTRE IMPACT LA SANT\u00c9 CARDIAQUE POUR TOUS Gr\u00e2ce aux \u00e9v\u00e9nements communautaires et \u00e0 la g\u00e9n\u00e9rosit\u00e9 de particuliers et d\u2019entreprises, la Fondation recueille des fonds pour financer des soins innovants, des recherches novatrices, des \u00e9quipements de pointe, des programmes de pr\u00e9vention et de r\u00e9adaptation cardiovasculaire, ainsi que des programmes \u00e9ducatifs. Appuyer notre institut de cardiologie renomm\u00e9 [&hellip;]<\/p>\n","protected":false},"author":2,"featured_media":0,"parent":0,"menu_order":0,"comment_status":"closed","ping_status":"closed","template":"","meta":{"footnotes":""},"class_list":["post-1000","page","type-page","status-publish","hentry"],"yoast_head":"<!-- This site is optimized with the Yoast SEO plugin v27.3 - https:\/\/yoast.com\/product\/yoast-seo-wordpress\/ -->\n<title>Voyez Votre Impact - Institut de Cardiologie de l&#039;Universit\u00e9 d&#039;Ottawa<\/title>\n<meta name=\"description\" content=\"Votre soutien aura un impact durable sur les gens de notre communaut\u00e9. Rejoignez-nous pour la prochaine \u00e9tape de ce voyage passionnant alors que les m\u00e9decins et les scientifiques travaillent main dans la main avec les patients.\" \/>\n<meta name=\"robots\" content=\"index, follow, max-snippet:-1, max-image-preview:large, max-video-preview:-1\" \/>\n<link rel=\"canonical\" href=\"https:\/\/februaryisheartmonth.ca\/fr\/votre-impact\/\" \/>\n<meta property=\"og:locale\" content=\"fr_FR\" \/>\n<meta property=\"og:type\" content=\"article\" \/>\n<meta property=\"og:title\" content=\"Voyez Votre Impact - Institut de Cardiologie de l&#039;Universit\u00e9 d&#039;Ottawa\" \/>\n<meta property=\"og:description\" content=\"Votre soutien aura un impact durable sur les gens de notre communaut\u00e9. Rejoignez-nous pour la prochaine \u00e9tape de ce voyage passionnant alors que les m\u00e9decins et les scientifiques travaillent main dans la main avec les patients.\" \/>\n<meta property=\"og:url\" content=\"https:\/\/februaryisheartmonth.ca\/fr\/votre-impact\/\" \/>\n<meta property=\"og:site_name\" content=\"uOttawa - Heart Institute\" \/>\n<meta property=\"article:modified_time\" content=\"2026-01-08T17:16:07+00:00\" \/>\n<meta property=\"og:image\" content=\"https:\/\/februaryisheartmonth.ca\/wp-content\/uploads\/2025\/12\/Untitled-design-41.png\" \/>\n\t<meta property=\"og:image:width\" content=\"1500\" \/>\n\t<meta property=\"og:image:height\" content=\"1500\" \/>\n\t<meta property=\"og:image:type\" content=\"image\/png\" \/>\n<meta name=\"twitter:card\" content=\"summary_large_image\" \/>\n<meta name=\"twitter:label1\" content=\"Dur\u00e9e de lecture estim\u00e9e\" \/>\n\t<meta name=\"twitter:data1\" content=\"3 minutes\" \/>\n<script type=\"application\/ld+json\" class=\"yoast-schema-graph\">{\"@context\":\"https:\\\/\\\/schema.org\",\"@graph\":[{\"@type\":\"WebPage\",\"@id\":\"https:\\\/\\\/februaryisheartmonth.ca\\\/fr\\\/votre-impact\\\/\",\"url\":\"https:\\\/\\\/februaryisheartmonth.ca\\\/fr\\\/votre-impact\\\/\",\"name\":\"Voyez Votre Impact - Institut de Cardiologie de l'Universit\u00e9 d'Ottawa\",\"isPartOf\":{\"@id\":\"https:\\\/\\\/februaryisheartmonth.ca\\\/#website\"},\"primaryImageOfPage\":{\"@id\":\"https:\\\/\\\/februaryisheartmonth.ca\\\/fr\\\/votre-impact\\\/#primaryimage\"},\"image\":{\"@id\":\"https:\\\/\\\/februaryisheartmonth.ca\\\/fr\\\/votre-impact\\\/#primaryimage\"},\"thumbnailUrl\":\"https:\\\/\\\/februaryisheartmonth.ca\\\/wp-content\\\/uploads\\\/2025\\\/12\\\/Untitled-design-41-1024x1024.png\",\"datePublished\":\"2023-01-12T10:15:24+00:00\",\"dateModified\":\"2026-01-08T17:16:07+00:00\",\"description\":\"Votre soutien aura un impact durable sur les gens de notre communaut\u00e9. Rejoignez-nous pour la prochaine \u00e9tape de ce voyage passionnant alors que les m\u00e9decins et les scientifiques travaillent main dans la main avec les patients.\",\"breadcrumb\":{\"@id\":\"https:\\\/\\\/februaryisheartmonth.ca\\\/fr\\\/votre-impact\\\/#breadcrumb\"},\"inLanguage\":\"fr-FR\",\"potentialAction\":[{\"@type\":\"ReadAction\",\"target\":[\"https:\\\/\\\/februaryisheartmonth.ca\\\/fr\\\/votre-impact\\\/\"]}]},{\"@type\":\"ImageObject\",\"inLanguage\":\"fr-FR\",\"@id\":\"https:\\\/\\\/februaryisheartmonth.ca\\\/fr\\\/votre-impact\\\/#primaryimage\",\"url\":\"https:\\\/\\\/februaryisheartmonth.ca\\\/wp-content\\\/uploads\\\/2025\\\/12\\\/Untitled-design-41-1024x1024.png\",\"contentUrl\":\"https:\\\/\\\/februaryisheartmonth.ca\\\/wp-content\\\/uploads\\\/2025\\\/12\\\/Untitled-design-41-1024x1024.png\"},{\"@type\":\"BreadcrumbList\",\"@id\":\"https:\\\/\\\/februaryisheartmonth.ca\\\/fr\\\/votre-impact\\\/#breadcrumb\",\"itemListElement\":[{\"@type\":\"ListItem\",\"position\":1,\"name\":\"Home\",\"item\":\"https:\\\/\\\/februaryisheartmonth.ca\\\/fr\\\/\"},{\"@type\":\"ListItem\",\"position\":2,\"name\":\"Votre Impact\"}]},{\"@type\":\"WebSite\",\"@id\":\"https:\\\/\\\/februaryisheartmonth.ca\\\/#website\",\"url\":\"https:\\\/\\\/februaryisheartmonth.ca\\\/\",\"name\":\"uOttawa - Heart Institute\",\"description\":\"TOGETHER WE TURN TODAY\u2019S RESEARCH INTO TOMORROW\u2019S TREATMENT.\",\"potentialAction\":[{\"@type\":\"SearchAction\",\"target\":{\"@type\":\"EntryPoint\",\"urlTemplate\":\"https:\\\/\\\/februaryisheartmonth.ca\\\/?s={search_term_string}\"},\"query-input\":{\"@type\":\"PropertyValueSpecification\",\"valueRequired\":true,\"valueName\":\"search_term_string\"}}],\"inLanguage\":\"fr-FR\"}]}<\/script>\n<!-- \/ Yoast SEO plugin. -->","yoast_head_json":{"title":"Voyez Votre Impact - Institut de Cardiologie de l'Universit\u00e9 d'Ottawa","description":"Votre soutien aura un impact durable sur les gens de notre communaut\u00e9. Rejoignez-nous pour la prochaine \u00e9tape de ce voyage passionnant alors que les m\u00e9decins et les scientifiques travaillent main dans la main avec les patients.","robots":{"index":"index","follow":"follow","max-snippet":"max-snippet:-1","max-image-preview":"max-image-preview:large","max-video-preview":"max-video-preview:-1"},"canonical":"https:\/\/februaryisheartmonth.ca\/fr\/votre-impact\/","og_locale":"fr_FR","og_type":"article","og_title":"Voyez Votre Impact - Institut de Cardiologie de l'Universit\u00e9 d'Ottawa","og_description":"Votre soutien aura un impact durable sur les gens de notre communaut\u00e9. Rejoignez-nous pour la prochaine \u00e9tape de ce voyage passionnant alors que les m\u00e9decins et les scientifiques travaillent main dans la main avec les patients.","og_url":"https:\/\/februaryisheartmonth.ca\/fr\/votre-impact\/","og_site_name":"uOttawa - Heart Institute","article_modified_time":"2026-01-08T17:16:07+00:00","og_image":[{"width":1500,"height":1500,"url":"https:\/\/februaryisheartmonth.ca\/wp-content\/uploads\/2025\/12\/Untitled-design-41.png","type":"image\/png"}],"twitter_card":"summary_large_image","twitter_misc":{"Dur\u00e9e de lecture estim\u00e9e":"3 minutes"},"schema":{"@context":"https:\/\/schema.org","@graph":[{"@type":"WebPage","@id":"https:\/\/februaryisheartmonth.ca\/fr\/votre-impact\/","url":"https:\/\/februaryisheartmonth.ca\/fr\/votre-impact\/","name":"Voyez Votre Impact - Institut de Cardiologie de l'Universit\u00e9 d'Ottawa","isPartOf":{"@id":"https:\/\/februaryisheartmonth.ca\/#website"},"primaryImageOfPage":{"@id":"https:\/\/februaryisheartmonth.ca\/fr\/votre-impact\/#primaryimage"},"image":{"@id":"https:\/\/februaryisheartmonth.ca\/fr\/votre-impact\/#primaryimage"},"thumbnailUrl":"https:\/\/februaryisheartmonth.ca\/wp-content\/uploads\/2025\/12\/Untitled-design-41-1024x1024.png","datePublished":"2023-01-12T10:15:24+00:00","dateModified":"2026-01-08T17:16:07+00:00","description":"Votre soutien aura un impact durable sur les gens de notre communaut\u00e9. Rejoignez-nous pour la prochaine \u00e9tape de ce voyage passionnant alors que les m\u00e9decins et les scientifiques travaillent main dans la main avec les patients.","breadcrumb":{"@id":"https:\/\/februaryisheartmonth.ca\/fr\/votre-impact\/#breadcrumb"},"inLanguage":"fr-FR","potentialAction":[{"@type":"ReadAction","target":["https:\/\/februaryisheartmonth.ca\/fr\/votre-impact\/"]}]},{"@type":"ImageObject","inLanguage":"fr-FR","@id":"https:\/\/februaryisheartmonth.ca\/fr\/votre-impact\/#primaryimage","url":"https:\/\/februaryisheartmonth.ca\/wp-content\/uploads\/2025\/12\/Untitled-design-41-1024x1024.png","contentUrl":"https:\/\/februaryisheartmonth.ca\/wp-content\/uploads\/2025\/12\/Untitled-design-41-1024x1024.png"},{"@type":"BreadcrumbList","@id":"https:\/\/februaryisheartmonth.ca\/fr\/votre-impact\/#breadcrumb","itemListElement":[{"@type":"ListItem","position":1,"name":"Home","item":"https:\/\/februaryisheartmonth.ca\/fr\/"},{"@type":"ListItem","position":2,"name":"Votre Impact"}]},{"@type":"WebSite","@id":"https:\/\/februaryisheartmonth.ca\/#website","url":"https:\/\/februaryisheartmonth.ca\/","name":"uOttawa - Heart Institute","description":"TOGETHER WE TURN TODAY\u2019S RESEARCH INTO TOMORROW\u2019S TREATMENT.","potentialAction":[{"@type":"SearchAction","target":{"@type":"EntryPoint","urlTemplate":"https:\/\/februaryisheartmonth.ca\/?s={search_term_string}"},"query-input":{"@type":"PropertyValueSpecification","valueRequired":true,"valueName":"search_term_string"}}],"inLanguage":"fr-FR"}]}},"_links":{"self":[{"href":"https:\/\/februaryisheartmonth.ca\/fr\/wp-json\/wp\/v2\/pages\/1000","targetHints":{"allow":["GET"]}}],"collection":[{"href":"https:\/\/februaryisheartmonth.ca\/fr\/wp-json\/wp\/v2\/pages"}],"about":[{"href":"https:\/\/februaryisheartmonth.ca\/fr\/wp-json\/wp\/v2\/types\/page"}],"author":[{"embeddable":true,"href":"https:\/\/februaryisheartmonth.ca\/fr\/wp-json\/wp\/v2\/users\/2"}],"replies":[{"embeddable":true,"href":"https:\/\/februaryisheartmonth.ca\/fr\/wp-json\/wp\/v2\/comments?post=1000"}],"version-history":[{"count":31,"href":"https:\/\/februaryisheartmonth.ca\/fr\/wp-json\/wp\/v2\/pages\/1000\/revisions"}],"predecessor-version":[{"id":4525,"href":"https:\/\/februaryisheartmonth.ca\/fr\/wp-json\/wp\/v2\/pages\/1000\/revisions\/4525"}],"wp:attachment":[{"href":"https:\/\/februaryisheartmonth.ca\/fr\/wp-json\/wp\/v2\/media?parent=1000"}],"curies":[{"name":"wp","href":"https:\/\/api.w.org\/{rel}","templated":true}]}}