{"id":1043,"date":"2023-01-12T10:15:01","date_gmt":"2023-01-12T10:15:01","guid":{"rendered":"https:\/\/february.s2.whc.webmarketersdev.ca\/ambassadrice\/"},"modified":"2026-01-06T10:23:28","modified_gmt":"2026-01-06T10:23:28","slug":"ambassadeur","status":"publish","type":"page","link":"https:\/\/februaryisheartmonth.ca\/fr\/ambassadeur\/","title":{"rendered":"Ambassadeur"},"content":{"rendered":"\t\t<div data-elementor-type=\"wp-page\" data-elementor-id=\"1043\" class=\"elementor elementor-1043 elementor-75\" data-elementor-post-type=\"page\">\n\t\t\t\t\t\t<section class=\"elementor-section elementor-top-section elementor-element elementor-element-c9dfce0 elementor-section-full_width p-lr  pt-100 ambassador-wrap cus-container elementor-section-height-default elementor-section-height-default\" data-id=\"c9dfce0\" data-element_type=\"section\" data-e-type=\"section\">\n\t\t\t\t\t\t<div class=\"elementor-container elementor-column-gap-default\">\n\t\t\t\t\t<div class=\"elementor-column elementor-col-100 elementor-top-column elementor-element elementor-element-7a158f6\" data-id=\"7a158f6\" data-element_type=\"column\" data-e-type=\"column\">\n\t\t\t<div class=\"elementor-widget-wrap elementor-element-populated\">\n\t\t\t\t\t\t<section class=\"elementor-section elementor-inner-section elementor-element elementor-element-b8a6059 elementor-section-content-middle elementor-section-boxed elementor-section-height-default elementor-section-height-default\" data-id=\"b8a6059\" data-element_type=\"section\" data-e-type=\"section\">\n\t\t\t\t\t\t<div class=\"elementor-container elementor-column-gap-default\">\n\t\t\t\t\t<div class=\"elementor-column elementor-col-50 elementor-inner-column elementor-element elementor-element-f7f557a pr-30\" data-id=\"f7f557a\" data-element_type=\"column\" data-e-type=\"column\">\n\t\t\t<div class=\"elementor-widget-wrap elementor-element-populated\">\n\t\t\t\t\t\t<div class=\"elementor-element elementor-element-0f825eb elementor-widget__width-initial elementor-widget elementor-widget-heading\" data-id=\"0f825eb\" data-element_type=\"widget\" data-e-type=\"widget\" data-widget_type=\"heading.default\">\n\t\t\t\t\t<h1 class=\"elementor-heading-title elementor-size-default\">NOTRE AMBASSADEUR\nDU MOIS DU C\u0152UR 2026\n<\/h1>\t\t\t\t<\/div>\n\t\t\t\t<div class=\"elementor-element elementor-element-d4bab55 elementor-widget elementor-widget-text-editor\" data-id=\"d4bab55\" data-element_type=\"widget\" data-e-type=\"widget\" data-widget_type=\"text-editor.default\">\n\t\t\t\t\t\t\t\t\t<p>\u00a0<\/p><p>Bonnie Bowes est vice-pr\u00e9sidente, Qualit\u00e9, risques et renseignements sur la sant\u00e9, et chef des soins infirmiers \u00e0 l\u2019Institut de cardiologie de l\u2019Universit\u00e9 d\u2019Ottawa. Elle est aussi responsable des activit\u00e9s cliniques pour <em>Un million de c\u0153urs canadiens<\/em>.<\/p><p><em>Un million de c\u0153urs canadiens<\/em> est une initiative phare du nouveau plan strat\u00e9gique de l\u2019Institut de cardiologie intitul\u00e9 <em>Votre <strong>c\u0153ur<\/strong>, votre <strong>institut<\/strong>, notre <strong>avenir ensemble<\/strong><\/em>. Elle a un objectif ambitieux\u00a0: d\u00e9pister les facteurs de risque cardiovasculaire chez un million de personnes au Canada.<\/p><p>Gr\u00e2ce \u00e0 votre soutien durant le<strong> Mois du c\u0153ur<\/strong>, nous pouvons continuer d\u2019offrir des soins innovants au moment o\u00f9 les patients en ont le plus besoin.<\/p>\t\t\t\t\t\t\t\t<\/div>\n\t\t\t\t\t<\/div>\n\t\t<\/div>\n\t\t\t\t<div class=\"elementor-column elementor-col-50 elementor-inner-column elementor-element elementor-element-15fa33c\" data-id=\"15fa33c\" data-element_type=\"column\" data-e-type=\"column\">\n\t\t\t<div class=\"elementor-widget-wrap elementor-element-populated\">\n\t\t\t\t\t\t<div class=\"elementor-element elementor-element-570e10f elementor-widget elementor-widget-image\" data-id=\"570e10f\" data-element_type=\"widget\" data-e-type=\"widget\" data-widget_type=\"image.default\">\n\t\t\t\t\t\t\t\t\t\t\t\t\t\t\t<img fetchpriority=\"high\" decoding=\"async\" width=\"1135\" height=\"1100\" src=\"https:\/\/februaryisheartmonth.ca\/wp-content\/uploads\/2025\/12\/Heart-Month-2026-1-2-e1768312800294.png\" class=\"attachment-full size-full wp-image-4215\" alt=\"\" srcset=\"https:\/\/februaryisheartmonth.ca\/wp-content\/uploads\/2025\/12\/Heart-Month-2026-1-2-e1768312800294.png 1135w, https:\/\/februaryisheartmonth.ca\/wp-content\/uploads\/2025\/12\/Heart-Month-2026-1-2-e1768312800294-300x291.png 300w, https:\/\/februaryisheartmonth.ca\/wp-content\/uploads\/2025\/12\/Heart-Month-2026-1-2-e1768312800294-1024x992.png 1024w, https:\/\/februaryisheartmonth.ca\/wp-content\/uploads\/2025\/12\/Heart-Month-2026-1-2-e1768312800294-768x744.png 768w\" sizes=\"(max-width: 1135px) 100vw, 1135px\" \/>\t\t\t\t\t\t\t\t\t\t\t\t\t\t\t<\/div>\n\t\t\t\t\t<\/div>\n\t\t<\/div>\n\t\t\t\t\t<\/div>\n\t\t<\/section>\n\t\t\t\t\t<\/div>\n\t\t<\/div>\n\t\t\t\t\t<\/div>\n\t\t<\/section>\n\t\t\t\t<section class=\"elementor-section elementor-top-section elementor-element elementor-element-5be8a34 Qa-wrap p-lr pt-150 pb-120 elementor-section-boxed elementor-section-height-default elementor-section-height-default\" data-id=\"5be8a34\" data-element_type=\"section\" data-e-type=\"section\">\n\t\t\t\t\t\t<div class=\"elementor-container elementor-column-gap-default\">\n\t\t\t\t\t<div class=\"elementor-column elementor-col-100 elementor-top-column elementor-element elementor-element-ec69bd8\" data-id=\"ec69bd8\" data-element_type=\"column\" data-e-type=\"column\">\n\t\t\t<div class=\"elementor-widget-wrap elementor-element-populated\">\n\t\t\t\t\t\t<div class=\"elementor-element elementor-element-3592a8f mb-0 elementor-widget elementor-widget-heading\" data-id=\"3592a8f\" data-element_type=\"widget\" data-e-type=\"widget\" data-widget_type=\"heading.default\">\n\t\t\t\t\t<h4 class=\"elementor-heading-title elementor-size-default\">Entretien avec Bonnie Bowes, inf. aut., M.Sc.S., CCN(C),\nambassadrice du Mois du c\u0153ur 2026<\/h4>\t\t\t\t<\/div>\n\t\t\t\t<section class=\"elementor-section elementor-inner-section elementor-element elementor-element-782745f pt-80 elementor-section-boxed elementor-section-height-default elementor-section-height-default\" data-id=\"782745f\" data-element_type=\"section\" data-e-type=\"section\">\n\t\t\t\t\t\t<div class=\"elementor-container elementor-column-gap-default\">\n\t\t\t\t\t<div class=\"elementor-column elementor-col-100 elementor-inner-column elementor-element elementor-element-b947568\" data-id=\"b947568\" data-element_type=\"column\" data-e-type=\"column\">\n\t\t\t<div class=\"elementor-widget-wrap elementor-element-populated\">\n\t\t\t\t\t\t<div class=\"elementor-element elementor-element-375c71c elementor-widget elementor-widget-heading\" data-id=\"375c71c\" data-element_type=\"widget\" data-e-type=\"widget\" data-widget_type=\"heading.default\">\n\t\t\t\t\t<h3 class=\"elementor-heading-title elementor-size-default\">Parlez-nous de l\u2019initiative Un million de c\u0153urs canadiens!<\/h3>\t\t\t\t<\/div>\n\t\t\t\t<div class=\"elementor-element elementor-element-299d6fc elementor-widget elementor-widget-text-editor\" data-id=\"299d6fc\" data-element_type=\"widget\" data-e-type=\"widget\" data-widget_type=\"text-editor.default\">\n\t\t\t\t\t\t\t\t\t<p>L\u2019initiative <em>Un million de c\u0153urs canadiens<\/em> vise \u00e0 pr\u00e9venir les maladies cardiovasculaires\u00a0par un d\u00e9pistage pr\u00e9coce, l\u2019\u00e9tablissement des facteurs de risque et une intervention rapide. Malheureusement, les maladies cardiovasculaires sont encore une des principales causes de d\u00e9c\u00e8s au Canada. Trop souvent, elles ne sont d\u00e9couvertes qu\u2019apr\u00e8s un \u00e9v\u00e9nement cardiaque d\u00e9vastateur, voire fatal.<\/p><p>Cette initiative est une occasion, pour nos concitoyens, de profiter de l\u2019expertise et des connaissances de l\u2019Institut de cardiologie <strong>avant<\/strong> que la maladie ne frappe.<\/p><p>Nous voulons \u00e9liminer les facteurs de risque pour aider \u00e0 pr\u00e9venir les maladies cardiovasculaires et am\u00e9liorer la sant\u00e9 de nos communaut\u00e9s.<\/p>\t\t\t\t\t\t\t\t<\/div>\n\t\t\t\t\t<\/div>\n\t\t<\/div>\n\t\t\t\t\t<\/div>\n\t\t<\/section>\n\t\t\t\t<section class=\"elementor-section elementor-inner-section elementor-element elementor-element-910fd7c pt-80 elementor-section-boxed elementor-section-height-default elementor-section-height-default\" data-id=\"910fd7c\" data-element_type=\"section\" data-e-type=\"section\">\n\t\t\t\t\t\t<div class=\"elementor-container elementor-column-gap-default\">\n\t\t\t\t\t<div class=\"elementor-column elementor-col-100 elementor-inner-column elementor-element elementor-element-859ba02\" data-id=\"859ba02\" data-element_type=\"column\" data-e-type=\"column\">\n\t\t\t<div class=\"elementor-widget-wrap elementor-element-populated\">\n\t\t\t\t\t\t<div class=\"elementor-element elementor-element-f958e9a elementor-widget elementor-widget-heading\" data-id=\"f958e9a\" data-element_type=\"widget\" data-e-type=\"widget\" data-widget_type=\"heading.default\">\n\t\t\t\t\t<h3 class=\"elementor-heading-title elementor-size-default\">Qu\u2019est-ce que \u00e7a veut dire pour vous d\u2019\u00eatre l\u2019ambassadrice du Mois du c\u0153ur 2026?<\/h3>\t\t\t\t<\/div>\n\t\t\t\t<div class=\"elementor-element elementor-element-6512d1d elementor-widget elementor-widget-text-editor\" data-id=\"6512d1d\" data-element_type=\"widget\" data-e-type=\"widget\" data-widget_type=\"text-editor.default\">\n\t\t\t\t\t\t\t\t\t<p>C\u2019est pour moi un honneur d\u2019avoir \u00e9t\u00e9 nomm\u00e9e ambassadrice du Mois du c\u0153ur 2026 de l\u2019Institut de cardiologie de l\u2019Universit\u00e9 d\u2019Ottawa, et une responsabilit\u00e9 que j\u2019accepte de tout c\u0153ur. En tant que plus important centre de sant\u00e9 cardiovasculaire du Canada, notre institut repr\u00e9sente l\u2019innovation, la compassion et en engagement ind\u00e9fectible \u00e0 sauver des vies.<\/p><p>Je suis tr\u00e8s fi\u00e8re de travailler avec une \u00e9quipe exceptionnelle \u00e0 promouvoir la sant\u00e9 cardiaque et la pr\u00e9vention dans nos communaut\u00e9s. Ensemble, nous lancerons des conversations, partagerons des t\u00e9moignages touchants et encouragerons les Canadiens et Canadiennes \u00e0 prendre soin de leur c\u0153ur.<\/p>\t\t\t\t\t\t\t\t<\/div>\n\t\t\t\t\t<\/div>\n\t\t<\/div>\n\t\t\t\t\t<\/div>\n\t\t<\/section>\n\t\t\t\t<section class=\"elementor-section elementor-inner-section elementor-element elementor-element-90248cb pt-80 elementor-section-boxed elementor-section-height-default elementor-section-height-default\" data-id=\"90248cb\" data-element_type=\"section\" data-e-type=\"section\">\n\t\t\t\t\t\t<div class=\"elementor-container elementor-column-gap-default\">\n\t\t\t\t\t<div class=\"elementor-column elementor-col-100 elementor-inner-column elementor-element elementor-element-5126323\" data-id=\"5126323\" data-element_type=\"column\" data-e-type=\"column\">\n\t\t\t<div class=\"elementor-widget-wrap elementor-element-populated\">\n\t\t\t\t\t\t<div class=\"elementor-element elementor-element-08b8b09 elementor-widget elementor-widget-heading\" data-id=\"08b8b09\" data-element_type=\"widget\" data-e-type=\"widget\" data-widget_type=\"heading.default\">\n\t\t\t\t\t<h3 class=\"elementor-heading-title elementor-size-default\">Pourquoi l\u2019appui de la communaut\u00e9 est-il si important pour le maintien de l\u2019excellence \u00e0 l\u2019Institut de cardiologie de l\u2019Universit\u00e9 d\u2019Ottawa?<\/h3>\t\t\t\t<\/div>\n\t\t\t\t<div class=\"elementor-element elementor-element-cfc9c1d elementor-widget elementor-widget-text-editor\" data-id=\"cfc9c1d\" data-element_type=\"widget\" data-e-type=\"widget\" data-widget_type=\"text-editor.default\">\n\t\t\t\t\t\t\t\t\t<p>\u00c0 l\u2019Institut de cardiologie, il y a une volont\u00e9 commune d\u2019offrir les meilleurs soins aux patients d\u2019ici et d\u2019ailleurs, et c\u2019est ce que j\u2019aime. Notre travail, y compris l\u2019initiative <em>Un million de c\u0153urs canadiens<\/em>, ne serait tout simplement pas possible sans la g\u00e9n\u00e9rosit\u00e9 constante de notre communaut\u00e9 bienveillante.<\/p><p>En tant que responsable des activit\u00e9s cliniques de l\u2019initiative, j\u2019aime \u00e9norm\u00e9ment l\u2019id\u00e9e d\u2019aller \u00e0 la rencontre des gens qui autrement n\u2019auraient peut-\u00eatre pas eu acc\u00e8s \u00e0 ce genre de soins. En \u00e9tendant son action d\u2019un oc\u00e9an \u00e0 l\u2019autre, l\u2019Institut de cardiologie renforcera sa position d\u2019expert canadien en mati\u00e8re de maladies cardiovasculaires, tout en offrant au syst\u00e8me de sant\u00e9 un r\u00e9pit bienvenu face \u00e0 la flamb\u00e9e du co\u00fbt des soins de sant\u00e9 de courte dur\u00e9e. Ce projet stimulera \u00e9galement des recherches percutantes qui permettront de mieux comprendre les maladies cardiovasculaires.<\/p><p>Nous avons de quoi \u00eatre fiers, mais aussi beaucoup de pain sur la planche. Je vous remercie de nous appuyer et de croire en notre mission.<\/p><p><strong>Je vous invite \u00e0 faire d\u00e8s aujourd\u2019hui un don qui sera \u00e9gal\u00e9 et bonifi\u00e9 par nos partenaires philanthropiques.<\/strong><\/p>\t\t\t\t\t\t\t\t<\/div>\n\t\t\t\t\t<\/div>\n\t\t<\/div>\n\t\t\t\t\t<\/div>\n\t\t<\/section>\n\t\t\t\t\t<\/div>\n\t\t<\/div>\n\t\t\t\t\t<\/div>\n\t\t<\/section>\n\t\t\t\t<\/div>\n\t\t","protected":false},"excerpt":{"rendered":"<p>NOTRE AMBASSADEUR DU MOIS DU C\u0152UR 2026 Bonnie Bowes est vice-pr\u00e9sidente, Qualit\u00e9, risques et renseignements sur la sant\u00e9, et chef des soins infirmiers \u00e0 l\u2019Institut de cardiologie de l\u2019Universit\u00e9 d\u2019Ottawa. Elle est aussi responsable des activit\u00e9s cliniques pour Un million de c\u0153urs canadiens. Un million de c\u0153urs canadiens est une initiative phare du nouveau plan [&hellip;]<\/p>\n","protected":false},"author":2,"featured_media":0,"parent":0,"menu_order":0,"comment_status":"closed","ping_status":"closed","template":"","meta":{"footnotes":""},"class_list":["post-1043","page","type-page","status-publish","hentry"],"yoast_head":"<!-- This site is optimized with the Yoast SEO plugin v27.3 - https:\/\/yoast.com\/product\/yoast-seo-wordpress\/ -->\n<title>Notre Ambassadeur - Institut de Cardiologie de l&#039;Universit\u00e9 d&#039;Ottawa<\/title>\n<meta name=\"robots\" content=\"index, follow, max-snippet:-1, max-image-preview:large, max-video-preview:-1\" \/>\n<link rel=\"canonical\" href=\"https:\/\/februaryisheartmonth.ca\/fr\/ambassadeur\/\" \/>\n<meta property=\"og:locale\" content=\"fr_FR\" \/>\n<meta property=\"og:type\" content=\"article\" \/>\n<meta property=\"og:title\" content=\"Notre Ambassadeur - Institut de Cardiologie de l&#039;Universit\u00e9 d&#039;Ottawa\" \/>\n<meta property=\"og:description\" content=\"NOTRE AMBASSADEUR DU MOIS DU C\u0152UR 2026 Bonnie Bowes est vice-pr\u00e9sidente, Qualit\u00e9, risques et renseignements sur la sant\u00e9, et chef des soins infirmiers \u00e0 l\u2019Institut de cardiologie de l\u2019Universit\u00e9 d\u2019Ottawa. Elle est aussi responsable des activit\u00e9s cliniques pour Un million de c\u0153urs canadiens. Un million de c\u0153urs canadiens est une initiative phare du nouveau plan [&hellip;]\" \/>\n<meta property=\"og:url\" content=\"https:\/\/februaryisheartmonth.ca\/fr\/ambassadeur\/\" \/>\n<meta property=\"og:site_name\" content=\"uOttawa - Heart Institute\" \/>\n<meta property=\"article:modified_time\" content=\"2026-01-06T10:23:28+00:00\" \/>\n<meta property=\"og:image\" content=\"https:\/\/februaryisheartmonth.ca\/wp-content\/uploads\/2025\/12\/Heart-Month-2026-1-2.png\" \/>\n<meta name=\"twitter:card\" content=\"summary_large_image\" \/>\n<meta name=\"twitter:label1\" content=\"Dur\u00e9e de lecture estim\u00e9e\" \/>\n\t<meta name=\"twitter:data1\" content=\"3 minutes\" \/>\n<script type=\"application\/ld+json\" class=\"yoast-schema-graph\">{\"@context\":\"https:\\\/\\\/schema.org\",\"@graph\":[{\"@type\":\"WebPage\",\"@id\":\"https:\\\/\\\/februaryisheartmonth.ca\\\/fr\\\/ambassadeur\\\/\",\"url\":\"https:\\\/\\\/februaryisheartmonth.ca\\\/fr\\\/ambassadeur\\\/\",\"name\":\"Notre Ambassadeur - Institut de Cardiologie de l'Universit\u00e9 d'Ottawa\",\"isPartOf\":{\"@id\":\"https:\\\/\\\/februaryisheartmonth.ca\\\/#website\"},\"primaryImageOfPage\":{\"@id\":\"https:\\\/\\\/februaryisheartmonth.ca\\\/fr\\\/ambassadeur\\\/#primaryimage\"},\"image\":{\"@id\":\"https:\\\/\\\/februaryisheartmonth.ca\\\/fr\\\/ambassadeur\\\/#primaryimage\"},\"thumbnailUrl\":\"https:\\\/\\\/februaryisheartmonth.ca\\\/wp-content\\\/uploads\\\/2025\\\/12\\\/Heart-Month-2026-1-2.png\",\"datePublished\":\"2023-01-12T10:15:01+00:00\",\"dateModified\":\"2026-01-06T10:23:28+00:00\",\"breadcrumb\":{\"@id\":\"https:\\\/\\\/februaryisheartmonth.ca\\\/fr\\\/ambassadeur\\\/#breadcrumb\"},\"inLanguage\":\"fr-FR\",\"potentialAction\":[{\"@type\":\"ReadAction\",\"target\":[\"https:\\\/\\\/februaryisheartmonth.ca\\\/fr\\\/ambassadeur\\\/\"]}]},{\"@type\":\"ImageObject\",\"inLanguage\":\"fr-FR\",\"@id\":\"https:\\\/\\\/februaryisheartmonth.ca\\\/fr\\\/ambassadeur\\\/#primaryimage\",\"url\":\"https:\\\/\\\/februaryisheartmonth.ca\\\/wp-content\\\/uploads\\\/2025\\\/12\\\/Heart-Month-2026-1-2.png\",\"contentUrl\":\"https:\\\/\\\/februaryisheartmonth.ca\\\/wp-content\\\/uploads\\\/2025\\\/12\\\/Heart-Month-2026-1-2.png\"},{\"@type\":\"BreadcrumbList\",\"@id\":\"https:\\\/\\\/februaryisheartmonth.ca\\\/fr\\\/ambassadeur\\\/#breadcrumb\",\"itemListElement\":[{\"@type\":\"ListItem\",\"position\":1,\"name\":\"Home\",\"item\":\"https:\\\/\\\/februaryisheartmonth.ca\\\/fr\\\/\"},{\"@type\":\"ListItem\",\"position\":2,\"name\":\"Ambassadeur\"}]},{\"@type\":\"WebSite\",\"@id\":\"https:\\\/\\\/februaryisheartmonth.ca\\\/#website\",\"url\":\"https:\\\/\\\/februaryisheartmonth.ca\\\/\",\"name\":\"uOttawa - Heart Institute\",\"description\":\"TOGETHER WE TURN TODAY\u2019S RESEARCH INTO TOMORROW\u2019S TREATMENT.\",\"potentialAction\":[{\"@type\":\"SearchAction\",\"target\":{\"@type\":\"EntryPoint\",\"urlTemplate\":\"https:\\\/\\\/februaryisheartmonth.ca\\\/?s={search_term_string}\"},\"query-input\":{\"@type\":\"PropertyValueSpecification\",\"valueRequired\":true,\"valueName\":\"search_term_string\"}}],\"inLanguage\":\"fr-FR\"}]}<\/script>\n<!-- \/ Yoast SEO plugin. -->","yoast_head_json":{"title":"Notre Ambassadeur - Institut de Cardiologie de l'Universit\u00e9 d'Ottawa","robots":{"index":"index","follow":"follow","max-snippet":"max-snippet:-1","max-image-preview":"max-image-preview:large","max-video-preview":"max-video-preview:-1"},"canonical":"https:\/\/februaryisheartmonth.ca\/fr\/ambassadeur\/","og_locale":"fr_FR","og_type":"article","og_title":"Notre Ambassadeur - Institut de Cardiologie de l'Universit\u00e9 d'Ottawa","og_description":"NOTRE AMBASSADEUR DU MOIS DU C\u0152UR 2026 Bonnie Bowes est vice-pr\u00e9sidente, Qualit\u00e9, risques et renseignements sur la sant\u00e9, et chef des soins infirmiers \u00e0 l\u2019Institut de cardiologie de l\u2019Universit\u00e9 d\u2019Ottawa. Elle est aussi responsable des activit\u00e9s cliniques pour Un million de c\u0153urs canadiens. Un million de c\u0153urs canadiens est une initiative phare du nouveau plan [&hellip;]","og_url":"https:\/\/februaryisheartmonth.ca\/fr\/ambassadeur\/","og_site_name":"uOttawa - Heart Institute","article_modified_time":"2026-01-06T10:23:28+00:00","og_image":[{"url":"https:\/\/februaryisheartmonth.ca\/wp-content\/uploads\/2025\/12\/Heart-Month-2026-1-2.png","type":"","width":"","height":""}],"twitter_card":"summary_large_image","twitter_misc":{"Dur\u00e9e de lecture estim\u00e9e":"3 minutes"},"schema":{"@context":"https:\/\/schema.org","@graph":[{"@type":"WebPage","@id":"https:\/\/februaryisheartmonth.ca\/fr\/ambassadeur\/","url":"https:\/\/februaryisheartmonth.ca\/fr\/ambassadeur\/","name":"Notre Ambassadeur - Institut de Cardiologie de l'Universit\u00e9 d'Ottawa","isPartOf":{"@id":"https:\/\/februaryisheartmonth.ca\/#website"},"primaryImageOfPage":{"@id":"https:\/\/februaryisheartmonth.ca\/fr\/ambassadeur\/#primaryimage"},"image":{"@id":"https:\/\/februaryisheartmonth.ca\/fr\/ambassadeur\/#primaryimage"},"thumbnailUrl":"https:\/\/februaryisheartmonth.ca\/wp-content\/uploads\/2025\/12\/Heart-Month-2026-1-2.png","datePublished":"2023-01-12T10:15:01+00:00","dateModified":"2026-01-06T10:23:28+00:00","breadcrumb":{"@id":"https:\/\/februaryisheartmonth.ca\/fr\/ambassadeur\/#breadcrumb"},"inLanguage":"fr-FR","potentialAction":[{"@type":"ReadAction","target":["https:\/\/februaryisheartmonth.ca\/fr\/ambassadeur\/"]}]},{"@type":"ImageObject","inLanguage":"fr-FR","@id":"https:\/\/februaryisheartmonth.ca\/fr\/ambassadeur\/#primaryimage","url":"https:\/\/februaryisheartmonth.ca\/wp-content\/uploads\/2025\/12\/Heart-Month-2026-1-2.png","contentUrl":"https:\/\/februaryisheartmonth.ca\/wp-content\/uploads\/2025\/12\/Heart-Month-2026-1-2.png"},{"@type":"BreadcrumbList","@id":"https:\/\/februaryisheartmonth.ca\/fr\/ambassadeur\/#breadcrumb","itemListElement":[{"@type":"ListItem","position":1,"name":"Home","item":"https:\/\/februaryisheartmonth.ca\/fr\/"},{"@type":"ListItem","position":2,"name":"Ambassadeur"}]},{"@type":"WebSite","@id":"https:\/\/februaryisheartmonth.ca\/#website","url":"https:\/\/februaryisheartmonth.ca\/","name":"uOttawa - Heart Institute","description":"TOGETHER WE TURN TODAY\u2019S RESEARCH INTO TOMORROW\u2019S TREATMENT.","potentialAction":[{"@type":"SearchAction","target":{"@type":"EntryPoint","urlTemplate":"https:\/\/februaryisheartmonth.ca\/?s={search_term_string}"},"query-input":{"@type":"PropertyValueSpecification","valueRequired":true,"valueName":"search_term_string"}}],"inLanguage":"fr-FR"}]}},"_links":{"self":[{"href":"https:\/\/februaryisheartmonth.ca\/fr\/wp-json\/wp\/v2\/pages\/1043","targetHints":{"allow":["GET"]}}],"collection":[{"href":"https:\/\/februaryisheartmonth.ca\/fr\/wp-json\/wp\/v2\/pages"}],"about":[{"href":"https:\/\/februaryisheartmonth.ca\/fr\/wp-json\/wp\/v2\/types\/page"}],"author":[{"embeddable":true,"href":"https:\/\/februaryisheartmonth.ca\/fr\/wp-json\/wp\/v2\/users\/2"}],"replies":[{"embeddable":true,"href":"https:\/\/februaryisheartmonth.ca\/fr\/wp-json\/wp\/v2\/comments?post=1043"}],"version-history":[{"count":53,"href":"https:\/\/februaryisheartmonth.ca\/fr\/wp-json\/wp\/v2\/pages\/1043\/revisions"}],"predecessor-version":[{"id":4385,"href":"https:\/\/februaryisheartmonth.ca\/fr\/wp-json\/wp\/v2\/pages\/1043\/revisions\/4385"}],"wp:attachment":[{"href":"https:\/\/februaryisheartmonth.ca\/fr\/wp-json\/wp\/v2\/media?parent=1043"}],"curies":[{"name":"wp","href":"https:\/\/api.w.org\/{rel}","templated":true}]}}