{"id":995,"date":"2023-01-12T10:13:04","date_gmt":"2023-01-12T10:13:04","guid":{"rendered":"https:\/\/february.s2.whc.webmarketersdev.ca\/get-involved\/"},"modified":"2026-01-28T22:51:10","modified_gmt":"2026-01-28T22:51:10","slug":"simpliquer","status":"publish","type":"page","link":"https:\/\/februaryisheartmonth.ca\/fr\/simpliquer\/","title":{"rendered":"S&rsquo;impliquer"},"content":{"rendered":"\t\t<div data-elementor-type=\"wp-page\" data-elementor-id=\"995\" class=\"elementor elementor-995 elementor-69\" data-elementor-post-type=\"page\">\n\t\t\t\t\t\t<section class=\"elementor-section elementor-top-section elementor-element elementor-element-3be073d pt-100 pb-150 cus-container p-lr fundraising-wrap elementor-section-boxed elementor-section-height-default elementor-section-height-default\" data-id=\"3be073d\" data-element_type=\"section\" data-e-type=\"section\">\n\t\t\t\t\t\t<div class=\"elementor-container elementor-column-gap-default\">\n\t\t\t\t\t<div class=\"elementor-column elementor-col-100 elementor-top-column elementor-element elementor-element-be26995 pr-30\" data-id=\"be26995\" data-element_type=\"column\" data-e-type=\"column\">\n\t\t\t<div class=\"elementor-widget-wrap elementor-element-populated\">\n\t\t\t\t\t\t<div class=\"elementor-element elementor-element-67a6a54 elementor-widget elementor-widget-heading\" data-id=\"67a6a54\" data-element_type=\"widget\" data-e-type=\"widget\" id=\"region\" data-widget_type=\"heading.default\">\n\t\t\t\t\t<h1 class=\"elementor-heading-title elementor-size-default\"><a href=\"https:\/\/februaryisheartmonth.ca\/fr\/simpliquer\/#region\">Activit\u00e9s de financement dans votre r\u00e9gion<\/a><\/h1>\t\t\t\t<\/div>\n\t\t\t\t<div class=\"elementor-element elementor-element-71f0b58 elementor-widget elementor-widget-text-editor\" data-id=\"71f0b58\" data-element_type=\"widget\" data-e-type=\"widget\" data-widget_type=\"text-editor.default\">\n\t\t\t\t\t\t\t\t\t<p><b><i>F\u00e9vrier, c\u2019est le\u00a0<\/i><\/b><b><i>Mois du c\u0153ur<\/i><\/b>\u00a0et, tout au long du mois, nos partenaires d\u2019initiatives communautaires vous offrent diff\u00e9rentes fa\u00e7ons de vous impliquer et de montrer \u00e0 quel point la recherche, la formation et les soins cardiovasculaires qui sauvent des vies \u00e0 Ottawa vous tiennent \u00e0 c\u0153ur.<\/p><p>Nos merveilleux partenaires mettent tout en \u0153uvre pour que ces activit\u00e9s et \u00e9v\u00e9nements obtiennent le plus de visibilit\u00e9 et de succ\u00e8s possible.<\/p><p>Que ce soit en attirant l\u2019attention sur l\u2019importance de la sant\u00e9 cardiaque, en organisant de fabuleuses activit\u00e9s de financement ou en<strong> illuminant la ville de rouge<\/strong>, leur d\u00e9termination \u00e0 appuyer la mission de l<strong>\u2019Institut de cardiologie de l\u2019Universit\u00e9 d\u2019Ottawa<\/strong> d\u00e9passe toutes les attentes.<\/p>\t\t\t\t\t\t\t\t<\/div>\n\t\t\t\t\t<\/div>\n\t\t<\/div>\n\t\t\t\t\t<\/div>\n\t\t<\/section>\n\t\t\t\t<section class=\"elementor-section elementor-top-section elementor-element elementor-element-f759aa4 elementor-section-full_width p-lr charity-wrap pt-100 elementor-section-height-default elementor-section-height-default\" data-id=\"f759aa4\" data-element_type=\"section\" data-e-type=\"section\" data-settings=\"{&quot;background_background&quot;:&quot;classic&quot;}\">\n\t\t\t\t\t\t<div class=\"elementor-container elementor-column-gap-default\">\n\t\t\t\t\t<div class=\"elementor-column elementor-col-100 elementor-top-column elementor-element elementor-element-d6b1bc5\" data-id=\"d6b1bc5\" data-element_type=\"column\" data-e-type=\"column\">\n\t\t\t<div class=\"elementor-widget-wrap elementor-element-populated\">\n\t\t\t\t\t\t<div class=\"elementor-element elementor-element-cb84f32 elementor-widget elementor-widget-heading\" data-id=\"cb84f32\" data-element_type=\"widget\" data-e-type=\"widget\" id=\"ROUGE\" data-widget_type=\"heading.default\">\n\t\t\t\t\t<h4 class=\"elementor-heading-title elementor-size-default\">\u00c9v\u00e8nements \u00e0 venir<\/h4>\t\t\t\t<\/div>\n\t\t\t\t<section class=\"elementor-section elementor-inner-section elementor-element elementor-element-d5881f2 pb-50 elementor-section-boxed elementor-section-height-default elementor-section-height-default\" data-id=\"d5881f2\" data-element_type=\"section\" data-e-type=\"section\">\n\t\t\t\t\t\t<div class=\"elementor-container elementor-column-gap-default\">\n\t\t\t\t\t<div class=\"elementor-column elementor-col-100 elementor-inner-column elementor-element elementor-element-cf7e50a\" data-id=\"cf7e50a\" data-element_type=\"column\" data-e-type=\"column\">\n\t\t\t<div class=\"elementor-widget-wrap elementor-element-populated\">\n\t\t\t\t\t\t<div class=\"elementor-element elementor-element-c907196 elementor-widget elementor-widget-shortcode\" data-id=\"c907196\" data-element_type=\"widget\" data-e-type=\"widget\" data-widget_type=\"shortcode.default\">\n\t\t\t\t\t\t\t<div class=\"elementor-shortcode\"><br><div data-tockify-calendar=\"katya.valiquette\" data-tockify-component=\"calendar\"><\/div><script type='text\/javascript'>if (window._tkf && window._tkf.loadDeclaredCalendars) {window._tkf.loadDeclaredCalendars();}<\/script><\/div>\n\t\t\t\t\t\t<\/div>\n\t\t\t\t\t<\/div>\n\t\t<\/div>\n\t\t\t\t\t<\/div>\n\t\t<\/section>\n\t\t\t\t\t<\/div>\n\t\t<\/div>\n\t\t\t\t\t<\/div>\n\t\t<\/section>\n\t\t\t\t<section class=\"elementor-section elementor-top-section elementor-element elementor-element-132a96a elementor-section-full_width sport-wrap p-lr pt-100 pb-80 cus-container elementor-section-height-default elementor-section-height-default\" data-id=\"132a96a\" data-element_type=\"section\" data-e-type=\"section\">\n\t\t\t\t\t\t<div class=\"elementor-container elementor-column-gap-default\">\n\t\t\t\t\t<div class=\"elementor-column elementor-col-100 elementor-top-column elementor-element elementor-element-6343ac1\" data-id=\"6343ac1\" data-element_type=\"column\" data-e-type=\"column\">\n\t\t\t<div class=\"elementor-widget-wrap elementor-element-populated\">\n\t\t\t\t\t\t<section class=\"elementor-section elementor-inner-section elementor-element elementor-element-6e1fcc3 elementor-section-boxed elementor-section-height-default elementor-section-height-default\" data-id=\"6e1fcc3\" data-element_type=\"section\" data-e-type=\"section\">\n\t\t\t\t\t\t<div class=\"elementor-container elementor-column-gap-default\">\n\t\t\t\t\t<div class=\"elementor-column elementor-col-50 elementor-inner-column elementor-element elementor-element-32256e7 pr-30\" data-id=\"32256e7\" data-element_type=\"column\" data-e-type=\"column\">\n\t\t\t<div class=\"elementor-widget-wrap elementor-element-populated\">\n\t\t\t\t\t\t<div class=\"elementor-element elementor-element-08e3409 elementor-widget elementor-widget-heading\" data-id=\"08e3409\" data-element_type=\"widget\" data-e-type=\"widget\" data-widget_type=\"heading.default\">\n\t\t\t\t\t<h4 class=\"elementor-heading-title elementor-size-default\"><a href=\"https:\/\/februaryisheartmonth.ca\/fr\/simpliquer\/#rouge\" target=\"_blank\">ILLUMINONS LA CAPITALE DE ROUGE<\/a><\/h4>\t\t\t\t<\/div>\n\t\t\t\t<div class=\"elementor-element elementor-element-af68e4a elementor-widget elementor-widget-text-editor\" data-id=\"af68e4a\" data-element_type=\"widget\" data-e-type=\"widget\" data-widget_type=\"text-editor.default\">\n\t\t\t\t\t\t\t\t\t<p>F\u00e9vrier marque le retour de la campagne<strong> Illuminons la capitale de rouge.<\/strong> Aidez-nous \u00e0 mettre en lumi\u00e8re l\u2019importance du travail de l\u2019Institut en illuminant de rougevos fen\u00eatres, vos maisons et vos entreprises \u00e0 la grandeur d\u2019Ottawa.<strong> Nous avons lanc\u00e9 un mouvement qui a du c\u0153ur.<\/strong> En tant que communaut\u00e9, vous \u00eates le pouls, le battement de c\u0153ur qui nous fait avancer.\u00a0<\/p>\t\t\t\t\t\t\t\t<\/div>\n\t\t\t\t<div class=\"elementor-element elementor-element-1432f4e elementor-widget elementor-widget-text-editor\" data-id=\"1432f4e\" data-element_type=\"widget\" data-e-type=\"widget\" data-widget_type=\"text-editor.default\">\n\t\t\t\t\t\t\t\t\t<p><a style=\"background: #ffffff; color: #b40838; font-size: px; font-weight: 600; text-transform: uppercase; padding: 9px; border: 1px solid #ffffff; transition: all 0.3s ease-in 0s;\" href=\"https:\/\/februaryisheartmonth.ca\/wp-content\/uploads\/2026\/01\/LtCR2026_FR.pdf\" target=\"_blank\" rel=\"noopener\">FAIRE CONNA\u00ceTRE LA CAUSE\u00a0<img decoding=\"async\" class=\" ls-is-cached lazyloaded\" style=\"transform: scale(0.5); position: relative; margin-left: -6px; top: 6px; content: url('\/wp-content\/uploads\/2023\/01\/h-arrow.png');\" src=\"https:\/\/februaryisheartmonth.ca\/wp-content\/uploads\/2023\/01\/arow.png\" data-src=\"\/wp-content\/uploads\/2023\/01\/arow.png\" \/><\/a><\/p>\t\t\t\t\t\t\t\t<\/div>\n\t\t\t\t\t<\/div>\n\t\t<\/div>\n\t\t\t\t<div class=\"elementor-column elementor-col-50 elementor-inner-column elementor-element elementor-element-97b4fe5\" data-id=\"97b4fe5\" data-element_type=\"column\" data-e-type=\"column\">\n\t\t\t<div class=\"elementor-widget-wrap elementor-element-populated\">\n\t\t\t\t\t\t<div class=\"elementor-element elementor-element-5de4a1b elementor-widget elementor-widget-video\" data-id=\"5de4a1b\" data-element_type=\"widget\" data-e-type=\"widget\" data-settings=\"{&quot;video_type&quot;:&quot;hosted&quot;,&quot;controls&quot;:&quot;yes&quot;}\" data-widget_type=\"video.default\">\n\t\t\t\t\t\t\t<div class=\"e-hosted-video elementor-wrapper elementor-open-inline\">\n\t\t\t\t\t<video class=\"elementor-video\" src=\"https:\/\/februaryisheartmonth.ca\/wp-content\/uploads\/2023\/12\/UOHI_LightTheCapitalRed2024PromoVid_v05-1.mp4\" controls=\"\" preload=\"metadata\" controlsList=\"nodownload\" poster=\"https:\/\/februaryisheartmonth.ca\/wp-content\/uploads\/2023\/12\/feb.png\"><\/video>\n\t\t\t\t<\/div>\n\t\t\t\t\t\t<\/div>\n\t\t\t\t\t<\/div>\n\t\t<\/div>\n\t\t\t\t\t<\/div>\n\t\t<\/section>\n\t\t\t\t\t<\/div>\n\t\t<\/div>\n\t\t\t\t\t<\/div>\n\t\t<\/section>\n\t\t\t\t<section class=\"elementor-section elementor-top-section elementor-element elementor-element-926e310 elementor-section-full_width sport-wrap p-lr pt-100 pb-80 cus-container elementor-section-height-default elementor-section-height-default\" data-id=\"926e310\" data-element_type=\"section\" data-e-type=\"section\">\n\t\t\t\t\t\t<div class=\"elementor-container elementor-column-gap-default\">\n\t\t\t\t\t<div class=\"elementor-column elementor-col-100 elementor-top-column elementor-element elementor-element-9b9b8da\" data-id=\"9b9b8da\" data-element_type=\"column\" data-e-type=\"column\">\n\t\t\t<div class=\"elementor-widget-wrap elementor-element-populated\">\n\t\t\t\t\t\t<section class=\"elementor-section elementor-inner-section elementor-element elementor-element-1246c43 elementor-section-boxed elementor-section-height-default elementor-section-height-default\" data-id=\"1246c43\" data-element_type=\"section\" data-e-type=\"section\">\n\t\t\t\t\t\t<div class=\"elementor-container elementor-column-gap-default\">\n\t\t\t\t\t<div class=\"elementor-column elementor-col-50 elementor-inner-column elementor-element elementor-element-b456e47 pr-30\" data-id=\"b456e47\" data-element_type=\"column\" data-e-type=\"column\">\n\t\t\t<div class=\"elementor-widget-wrap elementor-element-populated\">\n\t\t\t\t\t\t<div class=\"elementor-element elementor-element-db79a0f elementor-widget elementor-widget-heading\" data-id=\"db79a0f\" data-element_type=\"widget\" data-e-type=\"widget\" id=\"PAPIER\" data-widget_type=\"heading.default\">\n\t\t\t\t\t<h4 class=\"elementor-heading-title elementor-size-default\"><a href=\"https:\/\/februaryisheartmonth.ca\/fr\/simpliquer\/#papier\" target=\"_blank\">VENDRE DES C\u0152URS EN PAPIER<\/a><\/h4>\t\t\t\t<\/div>\n\t\t\t\t<div class=\"elementor-element elementor-element-a82d758 elementor-widget elementor-widget-text-editor\" data-id=\"a82d758\" data-element_type=\"widget\" data-e-type=\"widget\" data-widget_type=\"text-editor.default\">\n\t\t\t\t\t\t\t\t\t<p>En f\u00e9vrier, participez \u00e0 la campagne des c\u0153urs en papier #DONNEZAVECCOEUR au profit de la Fondation de l\u2019Institut de cardiologie de l\u2019Universit\u00e9 d\u2019Ottawa.<\/p><p>En vendant et en exposant des c\u0153urs en papier tout au long du mois, vous appuyez l\u2019Institut de cardiologie de l\u2019Universit\u00e9 d\u2019Ottawa, un \u00e9tablissement de calibre mondial et un mod\u00e8le en mati\u00e8re de recherches novatrices, de formation et de soins innovants d\u2019excellence.<\/p>\t\t\t\t\t\t\t\t<\/div>\n\t\t\t\t<div class=\"elementor-element elementor-element-5a24ea5 elementor-widget elementor-widget-text-editor\" data-id=\"5a24ea5\" data-element_type=\"widget\" data-e-type=\"widget\" data-widget_type=\"text-editor.default\">\n\t\t\t\t\t\t\t\t\t<p><a style=\"background: #ffffff; color: #b40838; font-size: 25px; font-weight: 600; text-transform: uppercase; padding: 9px; border: 1px solid #ffffff; transition: all 0.3s ease-in 0s;\" href=\"https:\/\/februaryisheartmonth.ca\/wp-content\/uploads\/2026\/01\/PAPERHEARTS2026_FR.pdf\" target=\"_blank\" rel=\"noopener\">DEVENIR PARTENAIRE\u00a0<img decoding=\"async\" class=\" ls-is-cached lazyloaded\" style=\"transform: scale(0.5); position: relative; margin-left: -6px; top: 6px; content: url('\/wp-content\/uploads\/2023\/01\/h-arrow.png');\" src=\"https:\/\/februaryisheartmonth.ca\/wp-content\/uploads\/2023\/01\/arow.png\" data-src=\"\/wp-content\/uploads\/2023\/01\/arow.png\" \/><\/a><\/p>\t\t\t\t\t\t\t\t<\/div>\n\t\t\t\t\t<\/div>\n\t\t<\/div>\n\t\t\t\t<div class=\"elementor-column elementor-col-50 elementor-inner-column elementor-element elementor-element-e7d5c82\" data-id=\"e7d5c82\" data-element_type=\"column\" data-e-type=\"column\">\n\t\t\t<div class=\"elementor-widget-wrap elementor-element-populated\">\n\t\t\t\t\t\t<div class=\"elementor-element elementor-element-409ac3f elementor-widget elementor-widget-image\" data-id=\"409ac3f\" data-element_type=\"widget\" data-e-type=\"widget\" data-widget_type=\"image.default\">\n\t\t\t\t\t\t\t\t\t\t\t\t\t\t\t<img fetchpriority=\"high\" decoding=\"async\" width=\"1106\" height=\"806\" src=\"https:\/\/februaryisheartmonth.ca\/wp-content\/uploads\/2026\/01\/Paper-hearts-windows-e1767707968743.png\" class=\"attachment-full size-full wp-image-4438\" alt=\"\" srcset=\"https:\/\/februaryisheartmonth.ca\/wp-content\/uploads\/2026\/01\/Paper-hearts-windows-e1767707968743.png 1106w, https:\/\/februaryisheartmonth.ca\/wp-content\/uploads\/2026\/01\/Paper-hearts-windows-e1767707968743-300x219.png 300w, https:\/\/februaryisheartmonth.ca\/wp-content\/uploads\/2026\/01\/Paper-hearts-windows-e1767707968743-1024x746.png 1024w, https:\/\/februaryisheartmonth.ca\/wp-content\/uploads\/2026\/01\/Paper-hearts-windows-e1767707968743-768x560.png 768w\" sizes=\"(max-width: 1106px) 100vw, 1106px\" \/>\t\t\t\t\t\t\t\t\t\t\t\t\t\t\t<\/div>\n\t\t\t\t\t<\/div>\n\t\t<\/div>\n\t\t\t\t\t<\/div>\n\t\t<\/section>\n\t\t\t\t<div class=\"elementor-element elementor-element-c48c041 elementor-widget elementor-widget-text-editor\" data-id=\"c48c041\" data-element_type=\"widget\" data-e-type=\"widget\" data-widget_type=\"text-editor.default\">\n\t\t\t\t\t\t\t\t\t<p>De nombreuses possibilit\u00e9s de vous impliquer s\u2019offrent \u00e0 vous pour exprimer votre fiert\u00e9 et soutenir les soins cardiovasculaires indispensables offerts par notre institut local de renomm\u00e9e mondiale.<\/p><p>Impliquez-vous en :<\/p><ul><li>Organisant un \u00e9v\u00e9nement pour vos proches<\/li><li>Lan\u00e7ant une collecte de fonds th\u00e9matique avec vos coll\u00e8gues<\/li><li>Illuminant la fa\u00e7ade de votre maison ou commerce de rouge<\/li><\/ul><p>Nous remercions sinc\u00e8rement nos partenaires inspirants pour leurs g\u00e9n\u00e9reux efforts durant le <strong>Mois du c\u0153ur<\/strong>.<\/p>\t\t\t\t\t\t\t\t<\/div>\n\t\t\t\t\t<\/div>\n\t\t<\/div>\n\t\t\t\t\t<\/div>\n\t\t<\/section>\n\t\t\t\t<\/div>\n\t\t","protected":false},"excerpt":{"rendered":"<p>Activit\u00e9s de financement dans votre r\u00e9gion F\u00e9vrier, c\u2019est le\u00a0Mois du c\u0153ur\u00a0et, tout au long du mois, nos partenaires d\u2019initiatives communautaires vous offrent diff\u00e9rentes fa\u00e7ons de vous impliquer et de montrer \u00e0 quel point la recherche, la formation et les soins cardiovasculaires qui sauvent des vies \u00e0 Ottawa vous tiennent \u00e0 c\u0153ur. Nos merveilleux partenaires mettent [&hellip;]<\/p>\n","protected":false},"author":2,"featured_media":0,"parent":0,"menu_order":0,"comment_status":"closed","ping_status":"closed","template":"","meta":{"footnotes":""},"class_list":["post-995","page","type-page","status-publish","hentry"],"yoast_head":"<!-- This site is optimized with the Yoast SEO plugin v27.3 - https:\/\/yoast.com\/product\/yoast-seo-wordpress\/ -->\n<title>Initiatives Communautaire - Institut de Cardiologie de l&#039;Universit\u00e9 d&#039;Ottawa<\/title>\n<meta name=\"description\" content=\"Nos partenaires d&#039;initiative communautaire offrent une incroyable vari\u00e9t\u00e9 d&#039;occasions de s&#039;impliquer et de montrer votre soutien \u00e0 la recherche et aux soins cardiovasculaires qui sauvent des vies \u00e0 Ottawa.\" \/>\n<meta name=\"robots\" content=\"index, follow, max-snippet:-1, max-image-preview:large, max-video-preview:-1\" \/>\n<link rel=\"canonical\" href=\"https:\/\/februaryisheartmonth.ca\/fr\/simpliquer\/\" \/>\n<meta property=\"og:locale\" content=\"fr_FR\" \/>\n<meta property=\"og:type\" content=\"article\" \/>\n<meta property=\"og:title\" content=\"Initiatives Communautaire - Institut de Cardiologie de l&#039;Universit\u00e9 d&#039;Ottawa\" \/>\n<meta property=\"og:description\" content=\"Nos partenaires d&#039;initiative communautaire offrent une incroyable vari\u00e9t\u00e9 d&#039;occasions de s&#039;impliquer et de montrer votre soutien \u00e0 la recherche et aux soins cardiovasculaires qui sauvent des vies \u00e0 Ottawa.\" \/>\n<meta property=\"og:url\" content=\"https:\/\/februaryisheartmonth.ca\/fr\/simpliquer\/\" \/>\n<meta property=\"og:site_name\" content=\"uOttawa - Heart Institute\" \/>\n<meta property=\"article:modified_time\" content=\"2026-01-28T22:51:10+00:00\" \/>\n<meta property=\"og:image\" content=\"https:\/\/februaryisheartmonth.ca\/wp-content\/uploads\/2023\/01\/arow.png\" \/>\n<meta name=\"twitter:card\" content=\"summary_large_image\" \/>\n<meta name=\"twitter:label1\" content=\"Dur\u00e9e de lecture estim\u00e9e\" \/>\n\t<meta name=\"twitter:data1\" content=\"3 minutes\" \/>\n<script type=\"application\/ld+json\" class=\"yoast-schema-graph\">{\"@context\":\"https:\\\/\\\/schema.org\",\"@graph\":[{\"@type\":\"WebPage\",\"@id\":\"https:\\\/\\\/februaryisheartmonth.ca\\\/fr\\\/simpliquer\\\/\",\"url\":\"https:\\\/\\\/februaryisheartmonth.ca\\\/fr\\\/simpliquer\\\/\",\"name\":\"Initiatives Communautaire - Institut de Cardiologie de l'Universit\u00e9 d'Ottawa\",\"isPartOf\":{\"@id\":\"https:\\\/\\\/februaryisheartmonth.ca\\\/#website\"},\"primaryImageOfPage\":{\"@id\":\"https:\\\/\\\/februaryisheartmonth.ca\\\/fr\\\/simpliquer\\\/#primaryimage\"},\"image\":{\"@id\":\"https:\\\/\\\/februaryisheartmonth.ca\\\/fr\\\/simpliquer\\\/#primaryimage\"},\"thumbnailUrl\":\"https:\\\/\\\/februaryisheartmonth.ca\\\/wp-content\\\/uploads\\\/2023\\\/01\\\/arow.png\",\"datePublished\":\"2023-01-12T10:13:04+00:00\",\"dateModified\":\"2026-01-28T22:51:10+00:00\",\"description\":\"Nos partenaires d'initiative communautaire offrent une incroyable vari\u00e9t\u00e9 d'occasions de s'impliquer et de montrer votre soutien \u00e0 la recherche et aux soins cardiovasculaires qui sauvent des vies \u00e0 Ottawa.\",\"breadcrumb\":{\"@id\":\"https:\\\/\\\/februaryisheartmonth.ca\\\/fr\\\/simpliquer\\\/#breadcrumb\"},\"inLanguage\":\"fr-FR\",\"potentialAction\":[{\"@type\":\"ReadAction\",\"target\":[\"https:\\\/\\\/februaryisheartmonth.ca\\\/fr\\\/simpliquer\\\/\"]}]},{\"@type\":\"ImageObject\",\"inLanguage\":\"fr-FR\",\"@id\":\"https:\\\/\\\/februaryisheartmonth.ca\\\/fr\\\/simpliquer\\\/#primaryimage\",\"url\":\"https:\\\/\\\/februaryisheartmonth.ca\\\/wp-content\\\/uploads\\\/2023\\\/01\\\/arow.png\",\"contentUrl\":\"https:\\\/\\\/februaryisheartmonth.ca\\\/wp-content\\\/uploads\\\/2023\\\/01\\\/arow.png\"},{\"@type\":\"BreadcrumbList\",\"@id\":\"https:\\\/\\\/februaryisheartmonth.ca\\\/fr\\\/simpliquer\\\/#breadcrumb\",\"itemListElement\":[{\"@type\":\"ListItem\",\"position\":1,\"name\":\"Home\",\"item\":\"https:\\\/\\\/februaryisheartmonth.ca\\\/fr\\\/\"},{\"@type\":\"ListItem\",\"position\":2,\"name\":\"S&#8217;impliquer\"}]},{\"@type\":\"WebSite\",\"@id\":\"https:\\\/\\\/februaryisheartmonth.ca\\\/#website\",\"url\":\"https:\\\/\\\/februaryisheartmonth.ca\\\/\",\"name\":\"uOttawa - Heart Institute\",\"description\":\"TOGETHER WE TURN TODAY\u2019S RESEARCH INTO TOMORROW\u2019S TREATMENT.\",\"potentialAction\":[{\"@type\":\"SearchAction\",\"target\":{\"@type\":\"EntryPoint\",\"urlTemplate\":\"https:\\\/\\\/februaryisheartmonth.ca\\\/?s={search_term_string}\"},\"query-input\":{\"@type\":\"PropertyValueSpecification\",\"valueRequired\":true,\"valueName\":\"search_term_string\"}}],\"inLanguage\":\"fr-FR\"}]}<\/script>\n<!-- \/ Yoast SEO plugin. -->","yoast_head_json":{"title":"Initiatives Communautaire - Institut de Cardiologie de l'Universit\u00e9 d'Ottawa","description":"Nos partenaires d'initiative communautaire offrent une incroyable vari\u00e9t\u00e9 d'occasions de s'impliquer et de montrer votre soutien \u00e0 la recherche et aux soins cardiovasculaires qui sauvent des vies \u00e0 Ottawa.","robots":{"index":"index","follow":"follow","max-snippet":"max-snippet:-1","max-image-preview":"max-image-preview:large","max-video-preview":"max-video-preview:-1"},"canonical":"https:\/\/februaryisheartmonth.ca\/fr\/simpliquer\/","og_locale":"fr_FR","og_type":"article","og_title":"Initiatives Communautaire - Institut de Cardiologie de l'Universit\u00e9 d'Ottawa","og_description":"Nos partenaires d'initiative communautaire offrent une incroyable vari\u00e9t\u00e9 d'occasions de s'impliquer et de montrer votre soutien \u00e0 la recherche et aux soins cardiovasculaires qui sauvent des vies \u00e0 Ottawa.","og_url":"https:\/\/februaryisheartmonth.ca\/fr\/simpliquer\/","og_site_name":"uOttawa - Heart Institute","article_modified_time":"2026-01-28T22:51:10+00:00","og_image":[{"url":"https:\/\/februaryisheartmonth.ca\/wp-content\/uploads\/2023\/01\/arow.png","type":"","width":"","height":""}],"twitter_card":"summary_large_image","twitter_misc":{"Dur\u00e9e de lecture estim\u00e9e":"3 minutes"},"schema":{"@context":"https:\/\/schema.org","@graph":[{"@type":"WebPage","@id":"https:\/\/februaryisheartmonth.ca\/fr\/simpliquer\/","url":"https:\/\/februaryisheartmonth.ca\/fr\/simpliquer\/","name":"Initiatives Communautaire - Institut de Cardiologie de l'Universit\u00e9 d'Ottawa","isPartOf":{"@id":"https:\/\/februaryisheartmonth.ca\/#website"},"primaryImageOfPage":{"@id":"https:\/\/februaryisheartmonth.ca\/fr\/simpliquer\/#primaryimage"},"image":{"@id":"https:\/\/februaryisheartmonth.ca\/fr\/simpliquer\/#primaryimage"},"thumbnailUrl":"https:\/\/februaryisheartmonth.ca\/wp-content\/uploads\/2023\/01\/arow.png","datePublished":"2023-01-12T10:13:04+00:00","dateModified":"2026-01-28T22:51:10+00:00","description":"Nos partenaires d'initiative communautaire offrent une incroyable vari\u00e9t\u00e9 d'occasions de s'impliquer et de montrer votre soutien \u00e0 la recherche et aux soins cardiovasculaires qui sauvent des vies \u00e0 Ottawa.","breadcrumb":{"@id":"https:\/\/februaryisheartmonth.ca\/fr\/simpliquer\/#breadcrumb"},"inLanguage":"fr-FR","potentialAction":[{"@type":"ReadAction","target":["https:\/\/februaryisheartmonth.ca\/fr\/simpliquer\/"]}]},{"@type":"ImageObject","inLanguage":"fr-FR","@id":"https:\/\/februaryisheartmonth.ca\/fr\/simpliquer\/#primaryimage","url":"https:\/\/februaryisheartmonth.ca\/wp-content\/uploads\/2023\/01\/arow.png","contentUrl":"https:\/\/februaryisheartmonth.ca\/wp-content\/uploads\/2023\/01\/arow.png"},{"@type":"BreadcrumbList","@id":"https:\/\/februaryisheartmonth.ca\/fr\/simpliquer\/#breadcrumb","itemListElement":[{"@type":"ListItem","position":1,"name":"Home","item":"https:\/\/februaryisheartmonth.ca\/fr\/"},{"@type":"ListItem","position":2,"name":"S&#8217;impliquer"}]},{"@type":"WebSite","@id":"https:\/\/februaryisheartmonth.ca\/#website","url":"https:\/\/februaryisheartmonth.ca\/","name":"uOttawa - Heart Institute","description":"TOGETHER WE TURN TODAY\u2019S RESEARCH INTO TOMORROW\u2019S TREATMENT.","potentialAction":[{"@type":"SearchAction","target":{"@type":"EntryPoint","urlTemplate":"https:\/\/februaryisheartmonth.ca\/?s={search_term_string}"},"query-input":{"@type":"PropertyValueSpecification","valueRequired":true,"valueName":"search_term_string"}}],"inLanguage":"fr-FR"}]}},"_links":{"self":[{"href":"https:\/\/februaryisheartmonth.ca\/fr\/wp-json\/wp\/v2\/pages\/995","targetHints":{"allow":["GET"]}}],"collection":[{"href":"https:\/\/februaryisheartmonth.ca\/fr\/wp-json\/wp\/v2\/pages"}],"about":[{"href":"https:\/\/februaryisheartmonth.ca\/fr\/wp-json\/wp\/v2\/types\/page"}],"author":[{"embeddable":true,"href":"https:\/\/februaryisheartmonth.ca\/fr\/wp-json\/wp\/v2\/users\/2"}],"replies":[{"embeddable":true,"href":"https:\/\/februaryisheartmonth.ca\/fr\/wp-json\/wp\/v2\/comments?post=995"}],"version-history":[{"count":101,"href":"https:\/\/februaryisheartmonth.ca\/fr\/wp-json\/wp\/v2\/pages\/995\/revisions"}],"predecessor-version":[{"id":4718,"href":"https:\/\/februaryisheartmonth.ca\/fr\/wp-json\/wp\/v2\/pages\/995\/revisions\/4718"}],"wp:attachment":[{"href":"https:\/\/februaryisheartmonth.ca\/fr\/wp-json\/wp\/v2\/media?parent=995"}],"curies":[{"name":"wp","href":"https:\/\/api.w.org\/{rel}","templated":true}]}}